{"id":4264,"date":"2024-05-12T20:11:45","date_gmt":"2024-05-12T18:11:45","guid":{"rendered":"https:\/\/vigo.wordcamp.org\/2024\/?page_id=4264"},"modified":"2024-05-21T13:41:47","modified_gmt":"2024-05-21T11:41:47","slug":"voluntarios","status":"publish","type":"page","link":"https:\/\/vigo.wordcamp.org\/2024\/voluntarios\/","title":{"rendered":"Voluntarios"},"content":{"rendered":"\n<div class=\"wp-block-group alignfull wcv-header-title has-custom-gris-background-color has-background has-global-padding is-layout-constrained wp-block-group-is-layout-constrained\" style=\"padding-top:180px;padding-bottom:50px;background-image:url(&apos;https:\/\/vigo.wordcamp.org\/2024\/files\/2024\/03\/2024-1.png&apos;);background-position:100% 0%;background-repeat:no-repeat;background-size:contain;\">\n<h1 class=\"wp-block-heading has-custom-vigo-color has-text-color has-link-color wp-elements-c885fef5a8e69a033d3547ac74081ffe\" style=\"margin-bottom:0px;font-size:clamp(27.894px, 1.743rem + ((1vw - 3.2px) * 2.094), 48px);\"><strong>Voluntarios<\/strong><\/h1>\n\n\n\n<h2 class=\"wp-block-heading has-contrast-color has-text-color has-link-color wp-elements-0a3227a1e9ba20a5e003b5537faa843e\" style=\"margin-top:0px;margin-bottom:0px;font-size:clamp(22.041px, 1.378rem + ((1vw - 3.2px) * 1.454), 36px);\">El coraz\u00f3n, alma y pulm\u00f3n de la comunidad<\/h2>\n<\/div>\n\n\n\n<div style=\"height:50px\" aria-hidden=\"true\" class=\"wp-block-spacer\"><\/div>\n\n\n\n<div class=\"wp-block-group alignfull has-global-padding is-layout-constrained wp-container-core-group-is-layout-0cb8214e wp-block-group-is-layout-constrained\" style=\"margin-top:0;margin-bottom:0;padding-top:var(--wp--preset--spacing--30);padding-right:var(--wp--preset--spacing--50);padding-bottom:var(--wp--preset--spacing--30);padding-left:var(--wp--preset--spacing--50)\">\n<div class=\"wp-block-columns alignwide is-layout-flex wp-container-core-columns-is-layout-48108448 wp-block-columns-is-layout-flex\" style=\"padding-top:0px;padding-right:0;padding-bottom:0px;padding-left:0\">\n<div class=\"wp-block-column is-layout-flow wp-block-column-is-layout-flow\">\n<figure class=\"wp-block-image aligncenter size-full is-style-rounded is-style-rounded--1\"><img data-recalc-dims=\"1\" loading=\"lazy\" decoding=\"async\" width=\"100\" height=\"100\" src=\"https:\/\/i0.wp.com\/vigo.wordcamp.org\/2024\/files\/2024\/05\/profile.jpg?resize=100%2C100&#038;ssl=1\" alt=\"\" class=\"wp-image-4077\" style=\"aspect-ratio:1;object-fit:cover\" \/><\/figure>\n\n\n\n<div class=\"wp-block-group is-vertical is-content-justification-center is-nowrap is-layout-flex wp-container-core-group-is-layout-5a45e1ec wp-block-group-is-layout-flex\">\n<p class=\"has-text-align-center has-small-font-size wp-block-paragraph\"><strong>Alexis Jos\u00e9 Giraldez<\/strong><\/p>\n<\/div>\n<\/div>\n\n\n\n<div class=\"wp-block-column is-layout-flow wp-block-column-is-layout-flow\">\n<figure class=\"wp-block-image aligncenter size-full is-style-rounded is-style-rounded--2\"><img data-recalc-dims=\"1\" loading=\"lazy\" decoding=\"async\" width=\"100\" height=\"100\" src=\"https:\/\/i0.wp.com\/vigo.wordcamp.org\/2024\/files\/2024\/05\/d6d7895ae08365939325ac7037e41a14.png?resize=100%2C100&#038;ssl=1\" alt=\"\" class=\"wp-image-4078\" style=\"aspect-ratio:1;object-fit:cover\" \/><\/figure>\n\n\n\n<div class=\"wp-block-group is-vertical is-content-justification-center is-nowrap is-layout-flex wp-container-core-group-is-layout-435112bf wp-block-group-is-layout-flex\">\n<p class=\"has-text-align-center has-small-font-size wp-block-paragraph\"><strong>Andrei Nistor<\/strong><\/p>\n<\/div>\n<\/div>\n\n\n\n<div class=\"wp-block-column is-layout-flow wp-block-column-is-layout-flow\">\n<figure class=\"wp-block-image aligncenter size-full is-style-rounded is-style-rounded--3\"><img data-recalc-dims=\"1\" loading=\"lazy\" decoding=\"async\" width=\"100\" height=\"100\" src=\"https:\/\/i0.wp.com\/vigo.wordcamp.org\/2024\/files\/2024\/05\/anton-alvarez.jpg?resize=100%2C100&#038;ssl=1\" alt=\"\" class=\"wp-image-4382\" style=\"aspect-ratio:1;object-fit:cover\" \/><\/figure>\n\n\n\n<div class=\"wp-block-group is-vertical is-content-justification-center is-nowrap is-layout-flex wp-container-core-group-is-layout-435112bf wp-block-group-is-layout-flex\">\n<p class=\"has-text-align-center has-small-font-size wp-block-paragraph\"><strong>Ant\u00f3n \u00c1lvarez<\/strong><\/p>\n<\/div>\n<\/div>\n\n\n\n<div class=\"wp-block-column is-layout-flow wp-block-column-is-layout-flow\">\n<figure class=\"wp-block-image aligncenter size-full is-style-rounded is-style-rounded--4\"><img data-recalc-dims=\"1\" loading=\"lazy\" decoding=\"async\" width=\"100\" height=\"100\" src=\"https:\/\/i0.wp.com\/vigo.wordcamp.org\/2024\/files\/2024\/05\/profile.jpg?resize=100%2C100&#038;ssl=1\" alt=\"\" class=\"wp-image-4077\" style=\"aspect-ratio:1;object-fit:cover\" \/><\/figure>\n\n\n\n<div class=\"wp-block-group is-vertical is-content-justification-center is-nowrap is-layout-flex wp-container-core-group-is-layout-435112bf wp-block-group-is-layout-flex\">\n<p class=\"has-text-align-center has-small-font-size wp-block-paragraph\"><strong>Ara<\/strong><\/p>\n<\/div>\n<\/div>\n<\/div>\n<\/div>\n\n\n\n<div class=\"wp-block-group alignfull has-global-padding is-layout-constrained wp-container-core-group-is-layout-0cb8214e wp-block-group-is-layout-constrained\" style=\"margin-top:0;margin-bottom:0;padding-top:var(--wp--preset--spacing--30);padding-right:var(--wp--preset--spacing--50);padding-bottom:var(--wp--preset--spacing--30);padding-left:var(--wp--preset--spacing--50)\">\n<div class=\"wp-block-columns alignwide is-layout-flex wp-container-core-columns-is-layout-313efa99 wp-block-columns-is-layout-flex\" style=\"padding-right:0;padding-left:0\">\n<div class=\"wp-block-column is-layout-flow wp-block-column-is-layout-flow\">\n<figure class=\"wp-block-image aligncenter size-full is-style-rounded is-style-rounded--5\"><img data-recalc-dims=\"1\" loading=\"lazy\" decoding=\"async\" width=\"100\" height=\"100\" src=\"https:\/\/i0.wp.com\/vigo.wordcamp.org\/2024\/files\/2024\/05\/1fac548b221154a40ae3bafdad906cb2.png?resize=100%2C100&#038;ssl=1\" alt=\"\" class=\"wp-image-4080\" style=\"aspect-ratio:1;object-fit:cover\" \/><\/figure>\n\n\n\n<div class=\"wp-block-group is-vertical is-content-justification-center is-nowrap is-layout-flex wp-container-core-group-is-layout-5a45e1ec wp-block-group-is-layout-flex\">\n<p class=\"has-text-align-center has-small-font-size wp-block-paragraph\"><strong>Carla Davila<\/strong><\/p>\n<\/div>\n<\/div>\n\n\n\n<div class=\"wp-block-column is-layout-flow wp-block-column-is-layout-flow\">\n<figure class=\"wp-block-image aligncenter size-full is-resized is-style-rounded is-style-rounded--6\"><img data-recalc-dims=\"1\" loading=\"lazy\" decoding=\"async\" width=\"256\" height=\"256\" src=\"https:\/\/i0.wp.com\/vigo.wordcamp.org\/2024\/files\/2024\/05\/carlos-vilas.png?resize=256%2C256&#038;ssl=1\" alt=\"\" class=\"wp-image-4754\" style=\"object-fit:cover;width:100px;height:100px\" \/><\/figure>\n\n\n\n<div class=\"wp-block-group is-vertical is-content-justification-center is-nowrap is-layout-flex wp-container-core-group-is-layout-435112bf wp-block-group-is-layout-flex\">\n<p class=\"has-text-align-center has-small-font-size wp-block-paragraph\"><strong>Carlos Vilas<\/strong><\/p>\n<\/div>\n<\/div>\n\n\n\n<div class=\"wp-block-column is-layout-flow wp-block-column-is-layout-flow\">\n<figure class=\"wp-block-image aligncenter size-full is-resized is-style-rounded is-style-rounded--7\"><img data-recalc-dims=\"1\" loading=\"lazy\" decoding=\"async\" width=\"580\" height=\"580\" src=\"https:\/\/i0.wp.com\/vigo.wordcamp.org\/2024\/files\/2024\/05\/carol-juarez.jpeg?resize=580%2C580&#038;ssl=1\" alt=\"\" class=\"wp-image-4670\" style=\"object-fit:cover;width:100px;height:100px\" srcset=\"https:\/\/i0.wp.com\/vigo.wordcamp.org\/2024\/files\/2024\/05\/carol-juarez.jpeg?w=580&amp;ssl=1 580w, https:\/\/i0.wp.com\/vigo.wordcamp.org\/2024\/files\/2024\/05\/carol-juarez.jpeg?resize=300%2C300&amp;ssl=1 300w\" sizes=\"auto, (max-width: 580px) 100vw, 580px\" \/><\/figure>\n\n\n\n<div class=\"wp-block-group is-vertical is-content-justification-center is-nowrap is-layout-flex wp-container-core-group-is-layout-435112bf wp-block-group-is-layout-flex\">\n<p class=\"has-text-align-center has-small-font-size wp-block-paragraph\"><strong>Carol Juarez<\/strong><\/p>\n<\/div>\n<\/div>\n\n\n\n<div class=\"wp-block-column is-layout-flow wp-block-column-is-layout-flow\">\n<figure class=\"wp-block-image aligncenter size-full is-style-rounded is-style-rounded--8\"><img data-recalc-dims=\"1\" loading=\"lazy\" decoding=\"async\" width=\"100\" height=\"100\" src=\"https:\/\/i0.wp.com\/vigo.wordcamp.org\/2024\/files\/2024\/05\/carolina-barros.png?resize=100%2C100&#038;ssl=1\" alt=\"\" class=\"wp-image-4400\" style=\"aspect-ratio:1;object-fit:cover\" \/><\/figure>\n\n\n\n<div class=\"wp-block-group is-vertical is-content-justification-center is-nowrap is-layout-flex wp-container-core-group-is-layout-435112bf wp-block-group-is-layout-flex\">\n<p class=\"has-text-align-center has-small-font-size wp-block-paragraph\"><strong>Carolina Barros<\/strong><\/p>\n<\/div>\n<\/div>\n<\/div>\n<\/div>\n\n\n\n<div class=\"wp-block-group alignfull has-global-padding is-layout-constrained wp-container-core-group-is-layout-0cb8214e wp-block-group-is-layout-constrained\" style=\"margin-top:0;margin-bottom:0;padding-top:var(--wp--preset--spacing--30);padding-right:var(--wp--preset--spacing--50);padding-bottom:var(--wp--preset--spacing--30);padding-left:var(--wp--preset--spacing--50)\">\n<div class=\"wp-block-columns alignwide is-layout-flex wp-container-core-columns-is-layout-313efa99 wp-block-columns-is-layout-flex\" style=\"padding-right:0;padding-left:0\">\n<div class=\"wp-block-column is-layout-flow wp-block-column-is-layout-flow\">\n<figure class=\"wp-block-image aligncenter size-full is-style-rounded is-style-rounded--9\"><img data-recalc-dims=\"1\" loading=\"lazy\" decoding=\"async\" width=\"100\" height=\"100\" src=\"https:\/\/i0.wp.com\/vigo.wordcamp.org\/2024\/files\/2024\/05\/profile.jpg?resize=100%2C100&#038;ssl=1\" alt=\"\" class=\"wp-image-4077\" style=\"aspect-ratio:1;object-fit:cover\" \/><\/figure>\n\n\n\n<div class=\"wp-block-group is-vertical is-content-justification-center is-nowrap is-layout-flex wp-container-core-group-is-layout-435112bf wp-block-group-is-layout-flex\">\n<p class=\"has-text-align-center has-small-font-size wp-block-paragraph\"><strong>Cris<\/strong><\/p>\n<\/div>\n<\/div>\n\n\n\n<div class=\"wp-block-column is-layout-flow wp-block-column-is-layout-flow\">\n<figure class=\"wp-block-image aligncenter size-full is-style-rounded is-style-rounded--10\"><img data-recalc-dims=\"1\" loading=\"lazy\" decoding=\"async\" width=\"100\" height=\"100\" src=\"https:\/\/i0.wp.com\/vigo.wordcamp.org\/2024\/files\/2024\/05\/df62e4c2df439e753577a6c8feea24ec.png?resize=100%2C100&#038;ssl=1\" alt=\"\" class=\"wp-image-4081\" style=\"aspect-ratio:1;object-fit:cover\" \/><\/figure>\n\n\n\n<div class=\"wp-block-group is-vertical is-content-justification-center is-nowrap is-layout-flex wp-container-core-group-is-layout-5a45e1ec wp-block-group-is-layout-flex\">\n<p class=\"has-text-align-center has-small-font-size wp-block-paragraph\"><strong>F\u00e1tima Rinc\u00f3n<\/strong><\/p>\n<\/div>\n<\/div>\n\n\n\n<div class=\"wp-block-column is-layout-flow wp-block-column-is-layout-flow\">\n<figure class=\"wp-block-image aligncenter size-full is-style-rounded is-style-rounded--11\"><img data-recalc-dims=\"1\" loading=\"lazy\" decoding=\"async\" width=\"100\" height=\"100\" src=\"https:\/\/i0.wp.com\/vigo.wordcamp.org\/2024\/files\/2024\/05\/profile.jpg?resize=100%2C100&#038;ssl=1\" alt=\"\" class=\"wp-image-4077\" style=\"aspect-ratio:1;object-fit:cover\" \/><\/figure>\n\n\n\n<div class=\"wp-block-group is-vertical is-content-justification-center is-nowrap is-layout-flex wp-container-core-group-is-layout-5a45e1ec wp-block-group-is-layout-flex\">\n<p class=\"has-text-align-center has-small-font-size wp-block-paragraph\"><strong>Iago<\/strong><\/p>\n<\/div>\n<\/div>\n\n\n\n<div class=\"wp-block-column is-layout-flow wp-block-column-is-layout-flow\">\n<figure class=\"wp-block-image aligncenter size-full is-style-rounded is-style-rounded--12\"><img data-recalc-dims=\"1\" loading=\"lazy\" decoding=\"async\" width=\"100\" height=\"100\" src=\"https:\/\/i0.wp.com\/vigo.wordcamp.org\/2024\/files\/2024\/05\/profile.jpg?resize=100%2C100&#038;ssl=1\" alt=\"\" class=\"wp-image-4077\" style=\"aspect-ratio:1;object-fit:cover\" \/><\/figure>\n\n\n\n<div class=\"wp-block-group is-vertical is-content-justification-center is-nowrap is-layout-flex wp-container-core-group-is-layout-435112bf wp-block-group-is-layout-flex\">\n<p class=\"has-text-align-center has-small-font-size wp-block-paragraph\"><strong>Irene Barreiro<\/strong><\/p>\n<\/div>\n<\/div>\n<\/div>\n<\/div>\n\n\n\n<div class=\"wp-block-group alignfull has-global-padding is-layout-constrained wp-container-core-group-is-layout-0cb8214e wp-block-group-is-layout-constrained\" style=\"margin-top:0;margin-bottom:0;padding-top:var(--wp--preset--spacing--30);padding-right:var(--wp--preset--spacing--50);padding-bottom:var(--wp--preset--spacing--30);padding-left:var(--wp--preset--spacing--50)\">\n<div class=\"wp-block-columns alignwide is-layout-flex wp-container-core-columns-is-layout-313efa99 wp-block-columns-is-layout-flex\" style=\"padding-right:0;padding-left:0\">\n<div class=\"wp-block-column is-layout-flow wp-block-column-is-layout-flow\">\n<figure class=\"wp-block-image aligncenter size-full is-style-rounded is-style-rounded--13\"><img data-recalc-dims=\"1\" loading=\"lazy\" decoding=\"async\" width=\"100\" height=\"100\" src=\"https:\/\/i0.wp.com\/vigo.wordcamp.org\/2024\/files\/2024\/05\/profile.jpg?resize=100%2C100&#038;ssl=1\" alt=\"\" class=\"wp-image-4077\" style=\"aspect-ratio:1;object-fit:cover\" \/><\/figure>\n\n\n\n<div class=\"wp-block-group is-vertical is-content-justification-center is-nowrap is-layout-flex wp-container-core-group-is-layout-435112bf wp-block-group-is-layout-flex\">\n<p class=\"has-text-align-center has-small-font-size wp-block-paragraph\"><strong>Iris L\u00f3pez<\/strong><\/p>\n<\/div>\n<\/div>\n\n\n\n<div class=\"wp-block-column is-layout-flow wp-block-column-is-layout-flow\">\n<figure class=\"wp-block-image aligncenter size-full is-style-rounded is-style-rounded--14\"><img data-recalc-dims=\"1\" loading=\"lazy\" decoding=\"async\" width=\"100\" height=\"100\" src=\"https:\/\/i0.wp.com\/vigo.wordcamp.org\/2024\/files\/2024\/05\/18ec03f37e3e6520f7f9563fabb98f6e.png?resize=100%2C100&#038;ssl=1\" alt=\"\" class=\"wp-image-4082\" style=\"aspect-ratio:1;object-fit:cover\" \/><\/figure>\n\n\n\n<div class=\"wp-block-group is-vertical is-content-justification-center is-nowrap is-layout-flex wp-container-core-group-is-layout-435112bf wp-block-group-is-layout-flex\">\n<p class=\"has-text-align-center has-small-font-size wp-block-paragraph\"><strong>Luis Centeno<\/strong><\/p>\n<\/div>\n<\/div>\n\n\n\n<div class=\"wp-block-column is-layout-flow wp-block-column-is-layout-flow\">\n<figure class=\"wp-block-image aligncenter size-full is-style-rounded is-style-rounded--15\"><img data-recalc-dims=\"1\" loading=\"lazy\" decoding=\"async\" width=\"100\" height=\"100\" src=\"https:\/\/i0.wp.com\/vigo.wordcamp.org\/2024\/files\/2024\/05\/6a6d8ff715b925fbb2ad0642215b50b0.jpeg?resize=100%2C100&#038;ssl=1\" alt=\"\" class=\"wp-image-4083\" style=\"aspect-ratio:1;object-fit:cover\" \/><\/figure>\n\n\n\n<div class=\"wp-block-group is-vertical is-content-justification-center is-nowrap is-layout-flex wp-container-core-group-is-layout-435112bf wp-block-group-is-layout-flex\">\n<p class=\"has-text-align-center has-small-font-size wp-block-paragraph\"><strong>Mar\u00eda<\/strong><\/p>\n<\/div>\n<\/div>\n\n\n\n<div class=\"wp-block-column is-layout-flow wp-block-column-is-layout-flow\">\n<figure class=\"wp-block-image aligncenter size-full is-style-rounded is-style-rounded--16\"><img data-recalc-dims=\"1\" loading=\"lazy\" decoding=\"async\" width=\"101\" height=\"101\" src=\"https:\/\/i0.wp.com\/vigo.wordcamp.org\/2024\/files\/2024\/05\/maria-eugenia-velasco.png?resize=101%2C101&#038;ssl=1\" alt=\"\" class=\"wp-image-4617\" style=\"aspect-ratio:1;object-fit:cover\" \/><\/figure>\n\n\n\n<div class=\"wp-block-group is-vertical is-content-justification-center is-nowrap is-layout-flex wp-container-core-group-is-layout-5a45e1ec wp-block-group-is-layout-flex\">\n<p class=\"has-text-align-center has-small-font-size wp-block-paragraph\"><strong>M\u00aa Eugenia Velasco<\/strong><\/p>\n<\/div>\n<\/div>\n<\/div>\n<\/div>\n\n\n\n<div class=\"wp-block-group alignfull has-global-padding is-layout-constrained wp-container-core-group-is-layout-0cb8214e wp-block-group-is-layout-constrained\" style=\"margin-top:0;margin-bottom:0;padding-top:var(--wp--preset--spacing--30);padding-right:var(--wp--preset--spacing--50);padding-bottom:var(--wp--preset--spacing--30);padding-left:var(--wp--preset--spacing--50)\">\n<div class=\"wp-block-columns alignwide is-layout-flex wp-container-core-columns-is-layout-313efa99 wp-block-columns-is-layout-flex\" style=\"padding-right:0;padding-left:0\">\n<div class=\"wp-block-column is-layout-flow wp-block-column-is-layout-flow\">\n<figure class=\"wp-block-image aligncenter size-full is-style-rounded is-style-rounded--17\"><img data-recalc-dims=\"1\" loading=\"lazy\" decoding=\"async\" width=\"100\" height=\"100\" src=\"https:\/\/i0.wp.com\/vigo.wordcamp.org\/2024\/files\/2024\/05\/miguel-bastos.png?resize=100%2C100&#038;ssl=1\" alt=\"\" class=\"wp-image-4391\" style=\"aspect-ratio:1;object-fit:cover\" \/><\/figure>\n\n\n\n<div class=\"wp-block-group is-vertical is-content-justification-center is-nowrap is-layout-flex wp-container-core-group-is-layout-5a45e1ec wp-block-group-is-layout-flex\">\n<p class=\"has-text-align-center has-small-font-size wp-block-paragraph\"><strong>Miguel Bastos<\/strong><\/p>\n<\/div>\n<\/div>\n\n\n\n<div class=\"wp-block-column is-layout-flow wp-block-column-is-layout-flow\">\n<figure class=\"wp-block-image aligncenter size-full is-style-rounded is-style-rounded--18\"><img data-recalc-dims=\"1\" loading=\"lazy\" decoding=\"async\" width=\"100\" height=\"100\" src=\"https:\/\/i0.wp.com\/vigo.wordcamp.org\/2024\/files\/2024\/05\/82a67d2d011ae384612fe6441576cdf5.jpeg?resize=100%2C100&#038;ssl=1\" alt=\"\" class=\"wp-image-4084\" style=\"aspect-ratio:1;object-fit:cover\" \/><\/figure>\n\n\n\n<div class=\"wp-block-group is-vertical is-content-justification-center is-nowrap is-layout-flex wp-container-core-group-is-layout-435112bf wp-block-group-is-layout-flex\">\n<p class=\"has-text-align-center has-small-font-size wp-block-paragraph\"><strong>Nilo V\u00e9lez<\/strong><\/p>\n<\/div>\n<\/div>\n\n\n\n<div class=\"wp-block-column is-layout-flow wp-block-column-is-layout-flow\">\n<figure class=\"wp-block-image aligncenter size-full is-style-rounded is-style-rounded--19\"><img data-recalc-dims=\"1\" loading=\"lazy\" decoding=\"async\" width=\"100\" height=\"100\" src=\"https:\/\/i0.wp.com\/vigo.wordcamp.org\/2024\/files\/2024\/05\/paula-regueiro-1.png?resize=100%2C100&#038;ssl=1\" alt=\"\" class=\"wp-image-4678\" style=\"aspect-ratio:1;object-fit:cover\" \/><\/figure>\n\n\n\n<div class=\"wp-block-group is-vertical is-content-justification-center is-nowrap is-layout-flex wp-container-core-group-is-layout-435112bf wp-block-group-is-layout-flex\">\n<p class=\"has-text-align-center has-small-font-size wp-block-paragraph\"><strong>Paula Regueiro<\/strong><\/p>\n<\/div>\n<\/div>\n\n\n\n<div class=\"wp-block-column is-layout-flow wp-block-column-is-layout-flow\">\n<figure class=\"wp-block-image aligncenter size-full is-style-rounded is-style-rounded--20\"><img data-recalc-dims=\"1\" loading=\"lazy\" decoding=\"async\" width=\"100\" height=\"100\" src=\"https:\/\/i0.wp.com\/vigo.wordcamp.org\/2024\/files\/2024\/05\/70c247b603277b56f1e5c15c9245e566.png?resize=100%2C100&#038;ssl=1\" alt=\"\" class=\"wp-image-4085\" style=\"aspect-ratio:1;object-fit:cover\" \/><\/figure>\n\n\n\n<div class=\"wp-block-group is-vertical is-content-justification-center is-nowrap is-layout-flex wp-container-core-group-is-layout-435112bf wp-block-group-is-layout-flex\">\n<p class=\"has-text-align-center has-small-font-size wp-block-paragraph\"><strong>Sancastiza<\/strong><\/p>\n<\/div>\n<\/div>\n<\/div>\n<\/div>\n\n\n\n<div class=\"wp-block-group alignfull has-global-padding is-layout-constrained wp-container-core-group-is-layout-0cb8214e wp-block-group-is-layout-constrained\" style=\"margin-top:0;margin-bottom:0;padding-top:var(--wp--preset--spacing--30);padding-right:var(--wp--preset--spacing--50);padding-bottom:var(--wp--preset--spacing--30);padding-left:var(--wp--preset--spacing--50)\">\n<div class=\"wp-block-columns alignwide is-layout-flex wp-container-core-columns-is-layout-313efa99 wp-block-columns-is-layout-flex\" style=\"padding-right:0;padding-left:0\">\n<div class=\"wp-block-column is-layout-flow wp-block-column-is-layout-flow\">\n<figure class=\"wp-block-image aligncenter size-full is-style-rounded is-style-rounded--21\"><img data-recalc-dims=\"1\" loading=\"lazy\" decoding=\"async\" width=\"100\" height=\"100\" src=\"https:\/\/i0.wp.com\/vigo.wordcamp.org\/2024\/files\/2024\/05\/toze-vasconcelos.jpeg?resize=100%2C100&#038;ssl=1\" alt=\"\" class=\"wp-image-4392\" style=\"aspect-ratio:1;object-fit:cover\" \/><\/figure>\n\n\n\n<div class=\"wp-block-group is-vertical is-content-justification-center is-nowrap is-layout-flex wp-container-core-group-is-layout-435112bf wp-block-group-is-layout-flex\">\n<p class=\"has-text-align-center has-small-font-size wp-block-paragraph\"><strong>Toze Vasconcelos<\/strong><\/p>\n<\/div>\n<\/div>\n\n\n\n<div class=\"wp-block-column is-layout-flow wp-block-column-is-layout-flow\">\n<figure class=\"wp-block-image aligncenter size-full is-resized is-style-rounded is-style-rounded--22\"><img data-recalc-dims=\"1\" loading=\"lazy\" decoding=\"async\" width=\"256\" height=\"256\" src=\"https:\/\/i0.wp.com\/vigo.wordcamp.org\/2024\/files\/2024\/05\/usrula-estevez.png?resize=256%2C256&#038;ssl=1\" alt=\"\" class=\"wp-image-4667\" style=\"object-fit:cover;width:100px;height:100px\" \/><\/figure>\n\n\n\n<div class=\"wp-block-group is-vertical is-content-justification-center is-nowrap is-layout-flex wp-container-core-group-is-layout-5a45e1ec wp-block-group-is-layout-flex\">\n<p class=\"has-text-align-center has-small-font-size wp-block-paragraph\"><strong>\u00darsula Est\u00e9vez<\/strong><\/p>\n<\/div>\n<\/div>\n\n\n\n<div class=\"wp-block-column is-layout-flow wp-block-column-is-layout-flow\">\n<figure class=\"wp-block-image aligncenter size-full is-style-rounded is-style-rounded--23\"><img data-recalc-dims=\"1\" loading=\"lazy\" decoding=\"async\" width=\"100\" height=\"100\" src=\"https:\/\/i0.wp.com\/vigo.wordcamp.org\/2024\/files\/2024\/05\/f636070a7d07acc31f034146ad62f1e3.png?resize=100%2C100&#038;ssl=1\" alt=\"\" class=\"wp-image-4088\" style=\"aspect-ratio:1;object-fit:cover\" \/><\/figure>\n\n\n\n<div class=\"wp-block-group is-vertical is-content-justification-center is-nowrap is-layout-flex wp-container-core-group-is-layout-435112bf wp-block-group-is-layout-flex\">\n<p class=\"has-text-align-center has-small-font-size wp-block-paragraph\"><strong>Vanesa<\/strong><\/p>\n<\/div>\n<\/div>\n\n\n\n<div class=\"wp-block-column is-layout-flow wp-block-column-is-layout-flow\"><\/div>\n<\/div>\n<\/div>\n\n\n\n<div style=\"height:50px\" aria-hidden=\"true\" class=\"wp-block-spacer\"><\/div>\n\n\n\n<p class=\"wp-block-paragraph\"><\/p>\n","protected":false},"excerpt":{"rendered":"<p>Voluntarios El coraz\u00f3n, alma y pulm\u00f3n de la comunidad Alexis Jos\u00e9 Giraldez Andrei Nistor Ant\u00f3n \u00c1lvarez Ara Carla Davila Carlos Vilas Carol Juarez Carolina Barros Cris F\u00e1tima Rinc\u00f3n Iago Irene Barreiro Iris L\u00f3pez Luis Centeno Mar\u00eda M\u00aa Eugenia Velasco Miguel Bastos Nilo V\u00e9lez Paula Regueiro Sancastiza Toze Vasconcelos \u00darsula Est\u00e9vez Vanesa<\/p>\n","protected":false},"author":6208082,"featured_media":0,"parent":0,"menu_order":0,"comment_status":"closed","ping_status":"closed","template":"page-no-title","meta":{"_crdt_document":"","advanced_seo_description":"","jetpack_seo_html_title":"","jetpack_seo_noindex":false,"jetpack_post_was_ever_published":false,"footnotes":""},"class_list":["post-4264","page","type-page","status-publish","hentry"],"jetpack_sharing_enabled":true,"jetpack_likes_enabled":true,"jetpack_shortlink":"https:\/\/wp.me\/Pftev6-16M","_links":{"self":[{"href":"https:\/\/vigo.wordcamp.org\/2024\/wp-json\/wp\/v2\/pages\/4264","targetHints":{"allow":["GET"]}}],"collection":[{"href":"https:\/\/vigo.wordcamp.org\/2024\/wp-json\/wp\/v2\/pages"}],"about":[{"href":"https:\/\/vigo.wordcamp.org\/2024\/wp-json\/wp\/v2\/types\/page"}],"author":[{"embeddable":true,"href":"https:\/\/vigo.wordcamp.org\/2024\/wp-json\/wp\/v2\/users\/6208082"}],"replies":[{"embeddable":true,"href":"https:\/\/vigo.wordcamp.org\/2024\/wp-json\/wp\/v2\/comments?post=4264"}],"version-history":[{"count":40,"href":"https:\/\/vigo.wordcamp.org\/2024\/wp-json\/wp\/v2\/pages\/4264\/revisions"}],"predecessor-version":[{"id":4755,"href":"https:\/\/vigo.wordcamp.org\/2024\/wp-json\/wp\/v2\/pages\/4264\/revisions\/4755"}],"wp:attachment":[{"href":"https:\/\/vigo.wordcamp.org\/2024\/wp-json\/wp\/v2\/media?parent=4264"}],"curies":[{"name":"wp","href":"https:\/\/api.w.org\/{rel}","templated":true}]}}