{"id":2927,"date":"2024-05-02T20:23:35","date_gmt":"2024-05-02T18:23:35","guid":{"rendered":"https:\/\/vigo.wordcamp.org\/2024\/?page_id=2927"},"modified":"2024-05-11T13:01:48","modified_gmt":"2024-05-11T11:01:48","slug":"programa","status":"publish","type":"page","link":"https:\/\/vigo.wordcamp.org\/2024\/programa\/","title":{"rendered":"Programa"},"content":{"rendered":"\n<p>El programa de WordCamp Vigo se desarrollar\u00e1 a lo largo de todo el fin de semana, desde el viernes hasta el domingo, los d\u00edas 24, 25 y 26 de Mayo.<\/p>\n\n\n\n<p><strong>Viernes<\/strong>, Do Action, taller en el que todos los participantes que lo deseen colaboran en la creaci\u00f3n de 3 p\u00e1ginas web para otras tantas organizaciones sin \u00e1nimo de lucro de la comarca que lo soliciten, usando, como no, <strong>WordPress<\/strong> como herramienta. Las p\u00e1ginas ser\u00e1n entregadas de forma completamente gratuita a las organizaciones.<\/p>\n\n\n\n<p><strong>S\u00e1bado<\/strong>, d\u00eda de Conferencias: se ofrecer\u00e1n charlas y talleres sobre dise\u00f1o y desarrollo web, creaci\u00f3n de contenidos, marketing digital, comercio electr\u00f3nico o seguridad web, entre otros temas. Estas sesiones tendr\u00e1n lugar durante todo el s\u00e1bado, con pausas para desayuno y almuerzo (que se incluyen en el precio de la entrada) y en un horario desde las 09:00 hasta las 20:00. <\/p>\n\n\n\n<p><strong>Domingo<\/strong>, d\u00eda de la Comunidad o \u201ccontributor day\u201d: se realizar\u00e1n actividades orientadas al trabajo colaborativo para fortalecer la participaci\u00f3n en la comunidad de WordPress, desde las 10:00 hasta las 14:00, con pausas para desayuno y almuerzo, tambi\u00e9n incluidos en el precio de la entrada.<\/p>\n\n\n\n<div class=\"wp-block-buttons is-layout-flex wp-block-buttons-is-layout-flex\">\n<div class=\"wp-block-button has-custom-font-size\" style=\"font-size:clamp(14px, 0.875rem + ((1vw - 3.2px) * 0.208), 16px);text-transform:uppercase\"><a class=\"wp-block-button__link has-base-color has-custom-vigo-background-color has-text-color has-background has-link-color wp-element-button\" href=\"https:\/\/vigo.wordcamp.org\/2024\/comprar-entradas\/\"><strong>Compra aqu\u00ed tu entrada<\/strong><\/a><\/div>\n<\/div>\n\n\n\n<div style=\"height:30px\" aria-hidden=\"true\" class=\"wp-block-spacer\"><\/div>\n\n\n\n<div class=\"wp-block-group has-global-padding is-layout-constrained wp-block-group-is-layout-constrained\">\n<div\n\tclass=\"wp-block-wordcamp-schedule alignwide is-loading\"\n\t\tdata-attributes=\"{&quot;__isStylesPreview&quot;:false,&quot;align&quot;:&quot;wide&quot;,&quot;chooseSpecificDays&quot;:false,&quot;chosenDays&quot;:[&quot;2024-05-26&quot;,&quot;2024-05-25&quot;,&quot;2024-05-24&quot;],&quot;chooseSpecificTracks&quot;:false,&quot;chosenTrackIds&quot;:[],&quot;showCategories&quot;:true,&quot;useClientTimezone&quot;:false,&quot;className&quot;:&quot;is-style-default&quot;}\"\n>\n\tCargando\u2026<\/div>\n\n\n\t<div class=\"email-form fav-session-email-form-hide\">\n\t\t<!-- Tab links -->\n\t\t<div class=\"fav-session-share-tab\">\n\t\t\t\t\t\t\t<div class=\"fav-session-tablinks\" id=\"fav-session-btn-email\">\n\t\t\t\t\tCorreo electr\u00f3nico\t\t\t\t<\/div>\n\t\t\t\n\t\t\t<div class=\"fav-session-tablinks\" id=\"fav-session-btn-link\">\n\t\t\t\tEnlace\t\t\t<\/div>\n\n\t\t\t<div class=\"fav-session-tablinks\" id=\"fav-session-btn-print\">\n\t\t\t\tImprimir\t\t\t<\/div>\n\t\t<\/div>\n\n\t\t<!-- Tab content -->\n\t\t\t\t\t<div id=\"fav-session-tab-email\" class=\"fav-session-share-tabcontent\">\n\t\t\t\t<div id=\"fav-session-email-form\">\n\t\t\t\t\tEnv\u00edame mis sesiones favoritas:\n\t\t\t\t\t<form id=\"fav-sessions-form\">\n\t\t\t\t\t\t<input\n\t\t\t\t\t\t\ttype=\"text\"\n\t\t\t\t\t\t\tname=\"email_address\"\n\t\t\t\t\t\t\tid=\"fav-sessions-email-address\"\n\t\t\t\t\t\t\tplaceholder=\"me@protonmail.com\"\n\t\t\t\t\t\t\/>\n\t\t\t\t\t\t<input type=\"submit\" value=\"Enviar\" \/>\n\t\t\t\t\t<\/form>\n\t\t\t\t<\/div>\n\n\t\t\t\t<div class=\"fav-session-email-wait-spinner\"><\/div>\n\t\t\t\t<div class=\"fav-session-email-result\"><\/div>\n\t\t\t<\/div>\n\t\t\n\t\t<div id=\"fav-session-tab-link\" class=\"fav-session-share-tabcontent\">\n\t\t\tEnlace compartible:\t\t\t<br \/>\n\t\t\t<a id=\"fav-sessions-link\" href=\"\"><\/a>\n\t\t<\/div>\n\n\t\t<div id=\"fav-session-tab-print\" class=\"fav-session-share-tabcontent\">\n\t\t\t<button id=\"fav-session-print\">\n\t\t\t\tImprimir sesiones favoritas\t\t\t<\/button>\n\t\t<\/div>\n\t<\/div>\n\n\t<a class=\"show-email-form\" href=\"javascript:\">\n\t\t<span class=\"dashicons dashicons-star-filled\"><\/span>\n\t\t<span class=\"dashicons dashicons-email-alt\"><\/span>\n\t<\/a>\n\n\t<\/div>\n","protected":false},"excerpt":{"rendered":"<p>El programa de WordCamp Vigo se desarrollar\u00e1 a lo largo de todo el fin de semana, desde el viernes hasta el domingo, los d\u00edas 24, 25 y 26 de Mayo. Viernes, Do Action, taller en el que todos los participantes que lo deseen colaboran en la creaci\u00f3n de 3 p\u00e1ginas web para otras tantas organizaciones [&hellip;]<\/p>\n","protected":false},"author":89805,"featured_media":0,"parent":0,"menu_order":0,"comment_status":"closed","ping_status":"closed","template":"","meta":{"advanced_seo_description":"","jetpack_seo_html_title":"","jetpack_seo_noindex":false,"jetpack_post_was_ever_published":false,"footnotes":""},"class_list":["post-2927","page","type-page","status-publish","hentry"],"jetpack_sharing_enabled":true,"jetpack_likes_enabled":true,"jetpack_shortlink":"https:\/\/wp.me\/Pftev6-Ld","_links":{"self":[{"href":"https:\/\/vigo.wordcamp.org\/2024\/wp-json\/wp\/v2\/pages\/2927","targetHints":{"allow":["GET"]}}],"collection":[{"href":"https:\/\/vigo.wordcamp.org\/2024\/wp-json\/wp\/v2\/pages"}],"about":[{"href":"https:\/\/vigo.wordcamp.org\/2024\/wp-json\/wp\/v2\/types\/page"}],"author":[{"embeddable":true,"href":"https:\/\/vigo.wordcamp.org\/2024\/wp-json\/wp\/v2\/users\/89805"}],"replies":[{"embeddable":true,"href":"https:\/\/vigo.wordcamp.org\/2024\/wp-json\/wp\/v2\/comments?post=2927"}],"version-history":[{"count":15,"href":"https:\/\/vigo.wordcamp.org\/2024\/wp-json\/wp\/v2\/pages\/2927\/revisions"}],"predecessor-version":[{"id":4255,"href":"https:\/\/vigo.wordcamp.org\/2024\/wp-json\/wp\/v2\/pages\/2927\/revisions\/4255"}],"wp:attachment":[{"href":"https:\/\/vigo.wordcamp.org\/2024\/wp-json\/wp\/v2\/media?parent=2927"}],"curies":[{"name":"wp","href":"https:\/\/api.w.org\/{rel}","templated":true}]}}