{"id":20,"date":"2024-01-26T23:40:21","date_gmt":"2024-01-26T22:40:21","guid":{"rendered":"https:\/\/vigo.wordcamp.org\/2024\/code-of-conduct\/"},"modified":"2024-03-31T16:57:36","modified_gmt":"2024-03-31T14:57:36","slug":"codigo-de-conducta","status":"publish","type":"page","link":"https:\/\/vigo.wordcamp.org\/2024\/codigo-de-conducta\/","title":{"rendered":"C\u00f3digo de conducta"},"content":{"rendered":"\n<div class=\"wp-block-group alignfull wcv-header-title has-custom-gris-background-color has-background has-global-padding is-layout-constrained wp-block-group-is-layout-constrained\" style=\"padding-top:180px;padding-bottom:50px;background-image:url(&apos;https:\/\/vigo.wordcamp.org\/2024\/files\/2024\/03\/2024-1.png&apos;);background-position:100% 0%;background-repeat:no-repeat;background-size:contain;\">\n<h1 class=\"wp-block-heading has-custom-vigo-color has-text-color has-link-color wp-elements-2ba1a8c5056bab4a7a560636b4997a03\" style=\"margin-bottom:0px;font-size:clamp(27.894px, 1.743rem + ((1vw - 3.2px) * 2.094), 48px);\"><strong>C\u00f3digo de conducta<\/strong><\/h1>\n<\/div>\n\n\n\n<div style=\"height:50px\" aria-hidden=\"true\" class=\"wp-block-spacer\"><\/div>\n\n\n\n<h3 class=\"wp-block-heading\">1. Prop\u00f3sito<\/h3>\n\n\n\n<p class=\"wp-block-paragraph\"><strong>WordCamp Vigo cree que nuestra comunidad debe estar realmente abierta a todo el mundo.<\/strong> Como tal, nos comprometemos a proporcionar <strong>un entorno amigable, seguro y acogedor para todos, independientemente de su g\u00e9nero, orientaci\u00f3n sexual, discapacidad, etnia, religi\u00f3n, edad, casta, clase social, sistema operativo preferido, lenguaje de programaci\u00f3n o editor de texto, entre otras caracter\u00edsticas identificativas<\/strong>.<\/p>\n\n\n\n<p class=\"wp-block-paragraph\">El presente c\u00f3digo de conducta describe nuestras expectativas en cuanto al comportamiento de los participantes, as\u00ed como las consecuencias en caso de comportamiento inaceptable.<\/p>\n\n\n\n<p class=\"wp-block-paragraph\">Invitamos a todos los patrocinadores, voluntarios, ponentes, asistentes y dem\u00e1s participantes a que nos ayuden a hacer realidad una experiencia de conferencia segura y positiva para todos.<\/p>\n\n\n\n<h3 class=\"wp-block-heading\">2. Ciudadan\u00eda <em>Open Source<\/em><\/h3>\n\n\n\n<p class=\"wp-block-paragraph\">Un objetivo complementario de este c\u00f3digo de conducta es <strong>aumentar la ciudadan\u00eda del c\u00f3digo abierto <\/strong>animando a los participantes a reconocer y fortalecer las relaciones entre lo que hacemos y la comunidad en general.<\/p>\n\n\n\n<p class=\"wp-block-paragraph\">Al servicio de este objetivo, los organizadores de WordCamp Vigo recogeremos nominaciones a ciudadanos ejemplares durante todo el evento y se reconocer\u00e1n a participantes selectos despu\u00e9s de la conferencia en el sitio web.<\/p>\n\n\n\n<p class=\"wp-block-paragraph\">Si ves a alguien que est\u00e1 haciendo un esfuerzo extra para asegurar que nuestra comunidad es acogedora, amable, y anima a todos los participantes a contribuir en la mayor medida, queremos saber. Puede nominar a alguien coment\u00e1ndolo durante el evento a cualquiera de los organizadores.<\/p>\n\n\n\n<h3 class=\"wp-block-heading\">3. Comportamiento esperado<\/h3>\n\n\n\n<ul class=\"wp-block-list\">\n<li><strong>Ser considerado, respetuoso y colaborador<\/strong>.<\/li>\n\n\n\n<li><strong>Abst\u00e9ngase de comportamientos y expresiones degradantes, discriminatorios o de acoso<\/strong>.<\/li>\n\n\n\n<li><strong>Sea consciente<\/strong> de lo que le rodea y de los dem\u00e1s participantes. Alerte a los organizadores de la conferencia si observa una situaci\u00f3n peligrosa o a alguien en apuros.<\/li>\n\n\n\n<li><strong>Participe de forma aut\u00e9ntica y activa<\/strong>. Al hacerlo, ayudar\u00e1s a crear WordCamp Vigo y a hacerlo tuyo.<\/li>\n<\/ul>\n\n\n\n<h3 class=\"wp-block-heading\">4. Comportamiento inaceptable<\/h3>\n\n\n\n<p class=\"wp-block-paragraph\">Los comportamientos inaceptables incluyen: <strong>intimidaci\u00f3n, acoso, conducta abusiva, discriminatoria, despectiva o degradante por parte de cualquier asistente a WordCamp Vigo y eventos relacionados<\/strong>. Todos los lugares de la WordCamp Vigo pueden ser compartidos con miembros del p\u00fablico; por favor <strong>sea respetuoso<\/strong> con todos los clientes de estos lugares.<\/p>\n\n\n\n<p class=\"wp-block-paragraph\">El acoso incluye: comentarios verbales ofensivos relacionados con el g\u00e9nero, orientaci\u00f3n sexual, raza, religi\u00f3n, discapacidad; uso inapropiado de desnudos y\/o im\u00e1genes sexuales en espacios p\u00fablicos (incluyendo diapositivas de presentaciones); intimidaci\u00f3n deliberada, acoso o seguimiento; fotograf\u00eda o grabaci\u00f3n acosadora; interrupci\u00f3n sostenida de charlas u otros eventos; contacto f\u00edsico inapropiado, y atenci\u00f3n sexual no deseada.<\/p>\n\n\n\n<h3 class=\"wp-block-heading\">5. Consecuencias del comportamiento inaceptable<\/h3>\n\n\n\n<p class=\"wp-block-paragraph\">El comportamiento inaceptable <strong>no ser\u00e1 tolerado<\/strong> ya sea por otros asistentes, organizadores, personal de la sede, patrocinadores u otros clientes de las sedes de WordCamp Vigo.<\/p>\n\n\n\n<p class=\"wp-block-paragraph\">Cualquier persona a la que se le pida que deje de comportarse de forma inaceptable deber\u00e1 obedecer inmediatamente.<\/p>\n\n\n\n<p class=\"wp-block-paragraph\">Si un participante tiene un comportamiento inaceptable, los organizadores de la conferencia pueden tomar cualquier acci\u00f3n que consideren apropiada, hasta e incluyendo la expulsi\u00f3n de la conferencia sin previo aviso o reembolso.<\/p>\n\n\n\n<h3 class=\"wp-block-heading\">6. Qu\u00e9 hacer si es testigo o v\u00edctima de un comportamiento inaceptable<\/h3>\n\n\n\n<p class=\"wp-block-paragraph\">Si usted es objeto de un comportamiento inaceptable, nota que otra persona est\u00e1 siendo objeto de un comportamiento inaceptable, o tiene cualquier otra preocupaci\u00f3n, <strong>por favor notifique a un organizador de la conferencia tan pronto como sea posible<\/strong>.<\/p>\n\n\n\n<p class=\"wp-block-paragraph\">El equipo de WordCamp Vio estar\u00e1 disponible para ayudar a los participantes a ponerse en contacto con la seguridad del lugar o con la polic\u00eda local, para proporcionar escoltas, o para ayudar de otra manera a aquellos que experimentan un comportamiento inaceptable a sentirse seguros durante la duraci\u00f3n de la conferencia. Los voluntarios llevar\u00e1n prendas de un color o distintivo f\u00e1cilmente distinguibles. <strong>Cualquier voluntario puede ponerle en contacto con un organizador de la conferencia. Tambi\u00e9n puede acercarse al mostrador de inscripci\u00f3n especial del vest\u00edbulo y preguntar por los organizadores.<\/strong><\/p>\n\n\n\n<h3 class=\"wp-block-heading\">7. \u00c1mbito de aplicaci\u00f3n<\/h3>\n\n\n\n<p class=\"wp-block-paragraph\">Esperamos que todos los participantes en la conferencia (patrocinadores, voluntarios, ponentes, asistentes y otros invitados) respeten este c\u00f3digo de conducta en todas las sedes y actos sociales relacionados con la conferencia.<\/p>\n\n\n\n<h3 class=\"wp-block-heading\">8. Informaci\u00f3n de contacto<\/h3>\n\n\n\n<p class=\"wp-block-paragraph\">Puedes contactar con los miembros de la organizaci\u00f3n de forma presencial durante el evento de forma directa o utilizando cualquier medio disponible en nuestra web en la <a href=\"https:\/\/vigo.wordcamp.org\/2024\/contact\/\" data-type=\"page\" data-id=\"17\" target=\"_blank\" rel=\"noreferrer noopener\">p\u00e1gina de contacto<\/a>.<\/p>\n\n\n\n<h3 class=\"wp-block-heading\">9. Licencia y atribuci\u00f3n<\/h3>\n\n\n\n<p class=\"wp-block-paragraph\">Este C\u00f3digo de Conducta es una copia directa del impresionante trabajo de <strong>Open Source Bridge<\/strong>, pero aplicando la informaci\u00f3n de nuestro evento. El original est\u00e1 disponible en <a href=\"http:\/\/web.archive.org\/web\/20191206083557\/http:\/\/opensourcebridge.org\/about\/code-of-conduct\/\" target=\"_blank\" rel=\"noreferrer noopener\">Open Source Bridge 2018<\/a> y se publica bajo una licencia <a href=\"http:\/\/creativecommons.org\/licenses\/by-sa\/3.0\/\" target=\"_blank\" rel=\"noreferrer noopener\">Creative Commons Attribution-ShareAlike<\/a>.<\/p>\n\n\n\n<div style=\"height:100px\" aria-hidden=\"true\" class=\"wp-block-spacer\"><\/div>\n","protected":false},"excerpt":{"rendered":"<p>C\u00f3digo de conducta 1. Prop\u00f3sito WordCamp Vigo cree que nuestra comunidad debe estar realmente abierta a todo el mundo. Como tal, nos comprometemos a proporcionar un entorno amigable, seguro y acogedor para todos, independientemente de su g\u00e9nero, orientaci\u00f3n sexual, discapacidad, etnia, religi\u00f3n, edad, casta, clase social, sistema operativo preferido, lenguaje de programaci\u00f3n o editor de [&hellip;]<\/p>\n","protected":false},"author":89805,"featured_media":0,"parent":0,"menu_order":100,"comment_status":"closed","ping_status":"closed","template":"page-no-title","meta":{"_crdt_document":"","advanced_seo_description":"","jetpack_seo_html_title":"","jetpack_seo_noindex":false,"jetpack_post_was_ever_published":false,"footnotes":""},"class_list":["post-20","page","type-page","status-publish","hentry"],"jetpack_sharing_enabled":false,"jetpack_likes_enabled":true,"jetpack_shortlink":"https:\/\/wp.me\/Pftev6-k","_links":{"self":[{"href":"https:\/\/vigo.wordcamp.org\/2024\/wp-json\/wp\/v2\/pages\/20","targetHints":{"allow":["GET"]}}],"collection":[{"href":"https:\/\/vigo.wordcamp.org\/2024\/wp-json\/wp\/v2\/pages"}],"about":[{"href":"https:\/\/vigo.wordcamp.org\/2024\/wp-json\/wp\/v2\/types\/page"}],"author":[{"embeddable":true,"href":"https:\/\/vigo.wordcamp.org\/2024\/wp-json\/wp\/v2\/users\/89805"}],"replies":[{"embeddable":true,"href":"https:\/\/vigo.wordcamp.org\/2024\/wp-json\/wp\/v2\/comments?post=20"}],"version-history":[{"count":5,"href":"https:\/\/vigo.wordcamp.org\/2024\/wp-json\/wp\/v2\/pages\/20\/revisions"}],"predecessor-version":[{"id":1989,"href":"https:\/\/vigo.wordcamp.org\/2024\/wp-json\/wp\/v2\/pages\/20\/revisions\/1989"}],"wp:attachment":[{"href":"https:\/\/vigo.wordcamp.org\/2024\/wp-json\/wp\/v2\/media?parent=20"}],"curies":[{"name":"wp","href":"https:\/\/api.w.org\/{rel}","templated":true}]}}