{"id":13,"date":"2024-03-09T20:36:02","date_gmt":"2024-03-09T19:36:02","guid":{"rendered":"https:\/\/vigo.wordcamp.org\/2024\/?page_id=13"},"modified":"2024-05-25T08:24:18","modified_gmt":"2024-05-25T06:24:18","slug":"comprar-entradas","status":"publish","type":"page","link":"https:\/\/vigo.wordcamp.org\/2024\/comprar-entradas\/","title":{"rendered":"Comprar entradas"},"content":{"rendered":"\n<div class=\"wp-block-group has-global-padding is-layout-constrained wp-block-group-is-layout-constrained\" style=\"padding-top:50px;padding-bottom:10px\"><a href=\"https:\/\/vigo.wordcamp.org\/2024\/comprar-entradas\/\">Por favor, ve esta p\u00e1gina en un navegador para hacer una compra o gestionar entradas.<\/a>\n\n\n\n<div style=\"height:30px\" aria-hidden=\"true\" class=\"wp-block-spacer\"><\/div>\n\n\n\n<div class=\"wp-block-cover has-aspect-ratio\" style=\"margin-top:0;padding-top:15px;padding-right:15px;padding-bottom:15px;padding-left:15px;aspect-ratio:auto;height:unset;min-height:unset;\"><span aria-hidden=\"true\" class=\"wp-block-cover__background has-custom-vigo-background-color has-background-dim-100 has-background-dim\"><\/span><div class=\"wp-block-cover__inner-container is-layout-flow wp-block-cover-is-layout-flow\">\n<div class=\"wp-block-group is-layout-flex wp-container-core-group-is-layout-cbdc0839 wp-block-group-is-layout-flex\">\n<div class=\"wp-block-group wp-container-content-9cfa9a5a is-layout-flow wp-container-core-group-is-layout-7f9c660f wp-block-group-is-layout-flow\">\n<p class=\"has-text-align-left has-base-2-color has-text-color wp-block-paragraph\" style=\"font-size:clamp(15.747px, 0.984rem + ((1vw - 3.2px) * 0.86), 24px);\"><strong>\u00a1Asegura la talla de tu camiseta!<\/strong><\/p>\n\n\n\n<p class=\"has-text-align-left has-base-2-color has-text-color wp-block-paragraph\" style=\"font-size:clamp(14px, 0.875rem + ((1vw - 3.2px) * 0.417), 18px);\">Haremos el pedido a f\u00e1brica el d\u00eda <strong>16 de mayo<\/strong>. Despu\u00e9s de esta fecha tendremos camisetas pero quiz\u00e1s no de tu talla.<\/p>\n<\/div>\n<\/div>\n<\/div><\/div>\n\n\n\n<div style=\"height:30px\" aria-hidden=\"true\" class=\"wp-block-spacer\"><\/div>\n\n\n\n<h2 class=\"wp-block-heading\">\u00bfQu\u00e9 incluye la entrada?<\/h2>\n\n\n\n<ul class=\"wp-block-list\">\n<li><strong>Acreditaci\u00f3n con acceso completo<\/strong> a todas las actividades programadas para los d\u00edas 25 y 26 de mayo: todo el programa de ponencias, talleres y Contributor Day.<\/li>\n\n\n\n<li><strong>Comida y bebida<\/strong> durante el evento, tanto el s\u00e1bado como el domingo. Incluye desayuno, comida y cena del s\u00e1bado; desayuno y comida del domingo; y refrigerios durante los coffee breaks de las ma\u00f1anas y de la tardes.<\/li>\n\n\n\n<li><strong>Camiseta<\/strong> conmemorativa de la WordCamp Vigo 24.<\/li>\n\n\n\n<li><strong>Acceso a la after party<\/strong> del s\u00e1bado por la noche, donde podr\u00e1s socializar, hacer networking \u00a1y pas\u00e1rtelo en grande!<\/li>\n<\/ul>\n\n\n\n<p class=\"wp-block-paragraph\">Y m\u00e1s sorpresas\u2026 pero tendr\u00e1s que venir para enterarte \ud83d\ude42<\/p>\n\n\n\n<p class=\"wp-block-paragraph\">Con la compra de tu entrada, est\u00e1s apoyando este evento y las actividades de la Fundaci\u00f3n WordPress. \u00a1Contamos contigo!<br>No esperes m\u00e1s: elige tu tipo de entrada y c\u00f3mprala antes de que se agoten.<\/p>\n\n\n\n<p class=\"wp-block-paragraph\"><strong>OJO<\/strong>: Si eres patrocinador, te has propuesto como ponente o formas parte del equipo de voluntariado, NO compres una entrada. Los patrocinadores no pagan entrada. Y, si te seleccionamos como ponente o voluntario, tendr\u00e1s una entrada gratis.<\/p>\n\n\n\n<p class=\"has-custom-gris-background-color has-background wp-block-paragraph\"><strong>Importante<\/strong>: En toda WordCamp hay fot\u00f3grafos voluntarios y profesionales para promocionar el evento. Al acudir, autorizas la utilizaci\u00f3n de tu imagen en las fotos o v\u00eddeos que se hagan durante el evento.<\/p>\n\n\n\n<div style=\"height:30px\" aria-hidden=\"true\" class=\"wp-block-spacer\"><\/div>\n<\/div>\n","protected":false},"excerpt":{"rendered":"<p>\u00bfQu\u00e9 incluye la entrada? Y m\u00e1s sorpresas\u2026 pero tendr\u00e1s que venir para enterarte \ud83d\ude42 Con la compra de tu entrada, est\u00e1s apoyando este evento y las actividades de la Fundaci\u00f3n WordPress. \u00a1Contamos contigo!No esperes m\u00e1s: elige tu tipo de entrada y c\u00f3mprala antes de que se agoten. OJO: Si eres patrocinador, te has propuesto como [&hellip;]<\/p>\n","protected":false},"author":89805,"featured_media":522,"parent":0,"menu_order":0,"comment_status":"closed","ping_status":"closed","template":"venta-de-entradas","meta":{"_crdt_document":"","advanced_seo_description":"","jetpack_seo_html_title":"","jetpack_seo_noindex":false,"jetpack_post_was_ever_published":false,"footnotes":""},"class_list":["post-13","page","type-page","status-publish","has-post-thumbnail","hentry"],"jetpack_sharing_enabled":true,"jetpack_likes_enabled":true,"jetpack_shortlink":"https:\/\/wp.me\/Pftev6-d","_links":{"self":[{"href":"https:\/\/vigo.wordcamp.org\/2024\/wp-json\/wp\/v2\/pages\/13","targetHints":{"allow":["GET"]}}],"collection":[{"href":"https:\/\/vigo.wordcamp.org\/2024\/wp-json\/wp\/v2\/pages"}],"about":[{"href":"https:\/\/vigo.wordcamp.org\/2024\/wp-json\/wp\/v2\/types\/page"}],"author":[{"embeddable":true,"href":"https:\/\/vigo.wordcamp.org\/2024\/wp-json\/wp\/v2\/users\/89805"}],"replies":[{"embeddable":true,"href":"https:\/\/vigo.wordcamp.org\/2024\/wp-json\/wp\/v2\/comments?post=13"}],"version-history":[{"count":31,"href":"https:\/\/vigo.wordcamp.org\/2024\/wp-json\/wp\/v2\/pages\/13\/revisions"}],"predecessor-version":[{"id":4663,"href":"https:\/\/vigo.wordcamp.org\/2024\/wp-json\/wp\/v2\/pages\/13\/revisions\/4663"}],"wp:featuredmedia":[{"embeddable":true,"href":"https:\/\/vigo.wordcamp.org\/2024\/wp-json\/wp\/v2\/media\/522"}],"wp:attachment":[{"href":"https:\/\/vigo.wordcamp.org\/2024\/wp-json\/wp\/v2\/media?parent=13"}],"curies":[{"name":"wp","href":"https:\/\/api.w.org\/{rel}","templated":true}]}}